{"id":24,"date":"2023-07-25T20:57:24","date_gmt":"2023-07-25T20:57:24","guid":{"rendered":"https:\/\/firebrick-panther-112037.hostingersite.com\/?page_id=24"},"modified":"2025-11-12T15:21:29","modified_gmt":"2025-11-12T15:21:29","slug":"aviso_legal","status":"publish","type":"page","link":"https:\/\/intedu.es\/?page_id=24","title":{"rendered":"Aviso Legal"},"content":{"rendered":"\t\t<div data-elementor-type=\"wp-page\" data-elementor-id=\"24\" class=\"elementor elementor-24\" data-elementor-post-type=\"page\">\n\t\t\t\t\t\t<section class=\"elementor-section elementor-top-section elementor-element elementor-element-fbc89a4 elementor-section-boxed elementor-section-height-default elementor-section-height-default\" data-id=\"fbc89a4\" data-element_type=\"section\" data-e-type=\"section\">\n\t\t\t\t\t\t<div class=\"elementor-container elementor-column-gap-default\">\n\t\t\t\t\t<div class=\"elementor-column elementor-col-100 elementor-top-column elementor-element elementor-element-e3e1b75\" data-id=\"e3e1b75\" data-element_type=\"column\" data-e-type=\"column\">\n\t\t\t<div class=\"elementor-widget-wrap elementor-element-populated\">\n\t\t\t\t\t\t<div class=\"elementor-element elementor-element-cb05c5d elementor-widget elementor-widget-text-editor\" data-id=\"cb05c5d\" data-element_type=\"widget\" data-e-type=\"widget\" data-widget_type=\"text-editor.default\">\n\t\t\t\t<div class=\"elementor-widget-container\">\n\t\t\t\t\t\t\t\t\t<h2>AVISO LEGAL Y CONDICIONES GENERALES DE USO<\/h2><h4>www.intedu.es<\/h4><h3>I. INFORMACI\u00d3N GENERAL<\/h3><p>En cumplimiento con el deber de informaci\u00f3n dispuesto en la Ley 34\/2002 de Servicios de la Sociedad de la Informaci\u00f3n y el Comercio Electr\u00f3nico (LSSI-CE) de 11 de julio, se facilitan a continuaci\u00f3n los siguientes datos de informaci\u00f3n general de este sitio web:<\/p><ul><li>Cesar Ehepare. (en adelante, INTEDU) se centra en el dise\u00f1o y decoraci\u00f3n de espacios, tanto a nivel dom\u00e9stico como locales comerciales.<\/li><li>INTEDU, se encuentra domiciliada a los efectos de la presente informaci\u00f3n en C\/ Rafael Als\u00faa, Santander 39012 Cantabria.<\/li><li>Email de contacto:\u00a0info@firebrick-panther-112037.hostingersite.com<\/li><\/ul><h3>II. T\u00c9RMINOS Y CONDICIONES GENERALES DE USO<\/h3><h4>El objeto de las condiciones: El Sitio Web<\/h4><p>El objeto de las presentes Condiciones Generales de Uso (en adelante, Condiciones) es regular el acceso y la utilizaci\u00f3n del Sitio Web. A los efectos de las presentes Condiciones se entender\u00e1 como Sitio Web: la apariencia externa de los interfaces de pantalla, tanto de forma est\u00e1tica como de forma din\u00e1mica, es decir, el \u00e1rbol de navegaci\u00f3n; y todos los elementos integrados tanto en los interfaces de pantalla como en el \u00e1rbol de navegaci\u00f3n (en adelante, Contenidos) y todos aquellos servicios o recursos en l\u00ednea que en su caso ofrezca a los Usuarios (en adelante, Servicios).<\/p><p>INTEDU se reserva la facultad de modificar, en cualquier momento, y sin aviso previo, la presentaci\u00f3n y configuraci\u00f3n del Sitio Web y de los Contenidos y Servicios que en \u00e9l pudieran estar incorporados. El Usuario reconoce y acepta que en cualquier momento INTEDU pueda interrumpir, desactivar y\/o cancelar cualquiera de estos elementos que se integran en el Sitio Web o el acceso a los mismos.<\/p><p>El acceso al Sitio Web por el Usuario tiene car\u00e1cter libre y, por regla general, es gratuito sin que el Usuario tenga que proporcionar una contraprestaci\u00f3n para poder disfrutar de ello, salvo en lo relativo al coste de conexi\u00f3n a trav\u00e9s de la red de telecomunicaciones suministrada por el proveedor de acceso que hubiere contratado el Usuario.<\/p><p>La utilizaci\u00f3n de alguno de los Contenidos o Servicios del Sitio Web podr\u00e1 hacerse mediante la suscripci\u00f3n o registro previo del Usuario.<\/p><h4>El Usuario<\/h4><p>El acceso, la navegaci\u00f3n y uso del Sitio Web, as\u00ed como por los espacios habilitados para interactuar entre los Usuarios, y el Usuario y INTEDU, como los comentarios y\/o espacios de blogging, confiere la condici\u00f3n de Usuario, por lo que se aceptan, desde que se inicia la navegaci\u00f3n por el Sitio Web, todas las Condiciones aqu\u00ed establecidas, as\u00ed como sus ulteriores modificaciones, sin perjuicio de la aplicaci\u00f3n de la correspondiente normativa legal de obligado cumplimiento seg\u00fan el caso. Dada la relevancia de lo anterior, se recomienda al Usuario leerlas cada vez que visite el Sitio Web.<\/p><p>El Sitio Web de INTEDU proporciona gran diversidad de informaci\u00f3n, servicios y datos. El Usuario asume su responsabilidad para realizar un uso correcto del Sitio Web. Esta responsabilidad se extender\u00e1 a:<\/p><ul><li>Un uso de la informaci\u00f3n, Contenidos y\/o Servicios y datos ofrecidos por INTEDU sin que sea contrario a lo dispuesto por las presentes Condiciones, la Ley, la moral o el orden p\u00fablico, o que de cualquier otro modo puedan suponer lesi\u00f3n de los derechos de terceros o del mismo funcionamiento del Sitio Web.<\/li><li>La veracidad y licitud de las informaciones aportadas por el Usuario en los formularios extendidos por INTEDU para el acceso a ciertos Contenidos o Servicios ofrecidos por el Sitio Web. En todo caso, el Usuario notificar\u00e1 de forma inmediata a INTEDU acerca de cualquier hecho que permita el uso indebido de la informaci\u00f3n registrada en dichos formularios, tales como, pero no s\u00f3lo, el robo, extrav\u00edo, o el acceso no autorizado a identificadores y\/o contrase\u00f1as, con el fin de proceder a su inmediata cancelaci\u00f3n.<\/li><\/ul><p>INTEDU se reserva el derecho de retirar todos aquellos comentarios y aportaciones que vulneren la ley, el respeto a la dignidad de la persona, que sean discriminatorios, xen\u00f3fobos, racistas, pornogr\u00e1ficos, spamming, que atenten contra la juventud o la infancia, el orden o la seguridad p\u00fablica o que, a su juicio, no resultaran adecuados para su publicaci\u00f3n.<\/p><p>En cualquier caso, INTEDU no ser\u00e1 responsable de las opiniones vertidas por los Usuarios a trav\u00e9s de comentarios u otras herramientas de blogging o de participaci\u00f3n que pueda haber.<\/p><p>El mero acceso a este Sitio Web no supone entablar ning\u00fan tipo de relaci\u00f3n de car\u00e1cter comercial entre INTEDU y el Usuario.<\/p><p>El Usuario declara ser mayor de edad y disponer de la capacidad jur\u00eddica suficiente para vincularse por las presentes Condiciones. Por lo tanto, este Sitio Web de INTEDU no se dirige a menores de edad. INTEDU declina cualquier responsabilidad por el incumplimiento de este requisito.<\/p><p>El Sitio Web est\u00e1 dirigido principalmente a Usuarios residentes en Espa\u00f1a. INTEDU no asegura que el Sitio Web cumpla con legislaciones de otros pa\u00edses, ya sea total o parcialmente. Si el Usuario reside o tiene su domiciliado en otro lugar y decide acceder y\/o navegar en el Sitio Web lo har\u00e1 bajo su propia responsabilidad, deber\u00e1 asegurarse de que tal acceso y navegaci\u00f3n cumple con la legislaci\u00f3n local que le es aplicable, no asumiendo INTEDU responsabilidad alguna que se pueda derivar de dicho acceso.<\/p><h3>III. ACCESO Y NAVEGACI\u00d3N EN EL SITIO WEB: EXCLUSI\u00d3N DE GARANT\u00cdAS Y RESPONSABILIDAD<\/h3><p>INTEDU no garantiza la continuidad, disponibilidad y utilidad del Sitio Web, ni de los Contenidos o Servicios. INTEDU har\u00e1 todo lo posible por el buen funcionamiento del Sitio Web, sin embargo, no se responsabiliza ni garantiza que el acceso a este Sitio Web no vaya a ser ininterrumpido o que est\u00e9 libre de error.<\/p><p>Tampoco se responsabiliza o garantiza que el contenido o software al que pueda accederse a trav\u00e9s de este Sitio Web, est\u00e9 libre de error o cause un da\u00f1o al sistema inform\u00e1tico (software y hardware) del Usuario. En ning\u00fan caso INTEDU ser\u00e1 responsable por las p\u00e9rdidas, da\u00f1os o perjuicios de cualquier tipo que surjan por el acceso, navegaci\u00f3n y el uso del Sitio Web, incluy\u00e9ndose, pero no limit\u00e1ndose, a los ocasionados a los sistemas inform\u00e1ticos o los provocados por la introducci\u00f3n de virus.<\/p><p>INTEDU tampoco se hace responsable de los da\u00f1os que pudiesen ocasionarse a los usuarios por un uso inadecuado de este Sitio Web. En particular, no se hace responsable en modo alguno de las ca\u00eddas, interrupciones, falta o defecto de las telecomunicaciones que pudieran ocurrir.<\/p><h3>IV. POL\u00cdTICA DE ENLACES<\/h3><p>Se informa que el Sitio Web de INTEDU pone o puede poner a disposici\u00f3n de los Usuarios medios de enlace (como, entre otros, links, banners, botones), directorios y motores de b\u00fasqueda que permiten a los Usuarios acceder a sitios web pertenecientes y\/o gestionados por terceros.<\/p><p>La instalaci\u00f3n de estos enlaces, directorios y motores de b\u00fasqueda en el Sitio Web tiene por objeto facilitar a los Usuarios la b\u00fasqueda de y acceso a la informaci\u00f3n disponible en Internet, sin que pueda considerarse una sugerencia, recomendaci\u00f3n o invitaci\u00f3n para la visita de los mismos.<\/p><p>INTEDU ofrece contenidos de dise\u00f1o, interiorismo y decoraci\u00f3n, agrupando gremios y haciendo un seguimiento de la reforma integral. INTEDU no se hace responsable de posibles inexactitudes o errores que pudieran contener los anuncios, ni garantiza en modo alguno la experiencia, integridad o responsabilidad de los anunciantes o la calidad de sus productos y\/o servicios.<\/p><p>Asimismo, tampoco garantizar\u00e1 la disponibilidad t\u00e9cnica, exactitud, veracidad, validez o legalidad de sitios ajenos a su propiedad a los que se pueda acceder por medio de los enlaces.<\/p><p>INTEDU en ning\u00fan caso revisar\u00e1 o controlar\u00e1 el contenido de otros sitios web, as\u00ed como tampoco aprueba, examina ni hace propios los productos y servicios, contenidos, archivos y cualquier otro material existente en los referidos sitios enlazados.<\/p><p>INTEDU no asume ninguna responsabilidad por los da\u00f1os y perjuicios que pudieran producirse por el acceso, uso, calidad o licitud de los contenidos, comunicaciones, opiniones, productos y servicios de los sitios web no gestionados por INTEDU y que sean enlazados en este Sitio Web.<\/p><p>El Usuario o tercero que realice un hiperv\u00ednculo desde una p\u00e1gina web de otro, distinto, sitio web al Sitio Web de INTEDU deber\u00e1 saber que:<\/p><p>No se permite la reproducci\u00f3n \u2014total o parcialmente\u2014 de ninguno de los Contenidos y\/o Servicios del Sitio Web sin autorizaci\u00f3n expresa de INTEDU.<\/p><p>No se permite tampoco ninguna manifestaci\u00f3n falsa, inexacta o incorrecta sobre el Sitio Web de INTEDU, ni sobre los Contenidos y\/o Servicios del mismo.<\/p><p>A excepci\u00f3n del hiperv\u00ednculo, el sitio web en el que se establezca dicho hiperenlace no contendr\u00e1 ning\u00fan elemento, de este Sitio Web, protegido como propiedad intelectual por el ordenamiento jur\u00eddico espa\u00f1ol, salvo autorizaci\u00f3n expresa de INTEDU.<\/p><p>El establecimiento del hiperv\u00ednculo no implicar\u00e1 la existencia de relaciones entre INTEDU y el titular del sitio web desde el cual se realice, ni el conocimiento y aceptaci\u00f3n de INTEDU de los contenidos, servicios y\/o actividades ofrecidas en dicho sitio web, y viceversa.<\/p><h3>V. PROPIEDAD INTELECTUAL E INDUSTRIAL<\/h3><p>INTEDU por s\u00ed o como parte cesionaria, es titular de todos los derechos de propiedad intelectual e industrial del Sitio Web, as\u00ed como de los elementos contenidos en el mismo (a t\u00edtulo enunciativo y no exhaustivo, im\u00e1genes, sonido, audio, v\u00eddeo, software o textos, marcas o logotipos, combinaciones de colores, estructura y dise\u00f1o, selecci\u00f3n de materiales usados, programas de ordenador necesarios para su funcionamiento, acceso y uso, etc.). Ser\u00e1n, por consiguiente, obras protegidas como propiedad intelectual por el ordenamiento jur\u00eddico espa\u00f1ol, si\u00e9ndoles aplicables tanto la normativa espa\u00f1ola y comunitaria en este campo, como los tratados internacionales relativos a la materia y suscritos por Espa\u00f1a.<\/p><p>Todos los derechos reservados. En virtud de lo dispuesto en la Ley de Propiedad Intelectual, quedan expresamente prohibidas la reproducci\u00f3n, la distribuci\u00f3n y la comunicaci\u00f3n p\u00fablica, incluida su modalidad de puesta a disposici\u00f3n, de la totalidad o parte de los contenidos de esta p\u00e1gina web, con fines comerciales, en cualquier soporte y por cualquier medio t\u00e9cnico, sin la autorizaci\u00f3n de INTEDU.<\/p><p>El Usuario se compromete a respetar los derechos de propiedad intelectual e industrial de INTEDU. Podr\u00e1 visualizar los elementos del Sitio Web o incluso imprimirlos, copiarlos y almacenarlos en el disco duro de su ordenador o en cualquier otro soporte f\u00edsico siempre y cuando sea, exclusivamente, para su uso personal. El Usuario, sin embargo, no podr\u00e1 suprimir, alterar, o manipular cualquier dispositivo de protecci\u00f3n o sistema de seguridad que estuviera instalado en el Sitio Web.<\/p><p>En caso de que el Usuario o tercero considere que cualquiera de los Contenidos del Sitio Web suponga una violaci\u00f3n de los derechos de protecci\u00f3n de la propiedad intelectual, deber\u00e1 comunicarlo inmediatamente a INTEDU a trav\u00e9s de los datos de contacto del apartado de INFORMACI\u00d3N GENERAL de este Aviso Legal y Condiciones Generales de Uso.VI. ACCIONES LEGALES, LEGISLACI\u00d3N APLICABLE Y JURISDICCI\u00d3N<\/p><p>INTEDU se reserva la facultad de presentar las acciones civiles o penales que considere necesarias por la utilizaci\u00f3n indebida del Sitio Web y Contenidos, o por el incumplimiento de las presentes Condiciones.<\/p><p>La relaci\u00f3n entre el Usuario y INTEDU se regir\u00e1 por la normativa vigente y de aplicaci\u00f3n en el territorio espa\u00f1ol. De surgir cualquier controversia en relaci\u00f3n con la interpretaci\u00f3n y\/o a la aplicaci\u00f3n de estas Condiciones las partes someter\u00e1n sus conflictos a la jurisdicci\u00f3n ordinaria someti\u00e9ndose a los jueces y tribunales que correspondan conforme a derecho.<\/p>\t\t\t\t\t\t\t\t<\/div>\n\t\t\t\t<\/div>\n\t\t\t\t\t<\/div>\n\t\t<\/div>\n\t\t\t\t\t<\/div>\n\t\t<\/section>\n\t\t\t\t<\/div>\n\t\t","protected":false},"excerpt":{"rendered":"<p>AVISO LEGAL Y CONDICIONES GENERALES DE USO www.intedu.es I. INFORMACI\u00d3N GENERAL En cumplimiento con el deber de informaci\u00f3n dispuesto en la Ley 34\/2002 de Servicios de la Sociedad de la Informaci\u00f3n y el Comercio Electr\u00f3nico (LSSI-CE) de 11 de julio, se facilitan a continuaci\u00f3n los siguientes datos de informaci\u00f3n general de este sitio web: Cesar [&hellip;]<\/p>\n","protected":false},"author":1,"featured_media":0,"parent":0,"menu_order":0,"comment_status":"closed","ping_status":"closed","template":"","meta":{"site-sidebar-layout":"no-sidebar","site-content-layout":"page-builder","ast-site-content-layout":"default","site-content-style":"default","site-sidebar-style":"default","ast-global-header-display":"","ast-banner-title-visibility":"","ast-main-header-display":"","ast-hfb-above-header-display":"","ast-hfb-below-header-display":"","ast-hfb-mobile-header-display":"","site-post-title":"disabled","ast-breadcrumbs-content":"","ast-featured-img":"disabled","footer-sml-layout":"","ast-disable-related-posts":"","theme-transparent-header-meta":"","adv-header-id-meta":"","stick-header-meta":"","header-above-stick-meta":"","header-main-stick-meta":"","header-below-stick-meta":"","astra-migrate-meta-layouts":"default","ast-page-background-enabled":"default","ast-page-background-meta":{"desktop":{"background-color":"var(--ast-global-color-4)","background-image":"","background-repeat":"repeat","background-position":"center center","background-size":"auto","background-attachment":"scroll","background-type":"","background-media":"","overlay-type":"","overlay-color":"","overlay-opacity":"","overlay-gradient":""},"tablet":{"background-color":"","background-image":"","background-repeat":"repeat","background-position":"center center","background-size":"auto","background-attachment":"scroll","background-type":"","background-media":"","overlay-type":"","overlay-color":"","overlay-opacity":"","overlay-gradient":""},"mobile":{"background-color":"","background-image":"","background-repeat":"repeat","background-position":"center center","background-size":"auto","background-attachment":"scroll","background-type":"","background-media":"","overlay-type":"","overlay-color":"","overlay-opacity":"","overlay-gradient":""}},"ast-content-background-meta":{"desktop":{"background-color":"var(--ast-global-color-5)","background-image":"","background-repeat":"repeat","background-position":"center center","background-size":"auto","background-attachment":"scroll","background-type":"","background-media":"","overlay-type":"","overlay-color":"","overlay-opacity":"","overlay-gradient":""},"tablet":{"background-color":"var(--ast-global-color-5)","background-image":"","background-repeat":"repeat","background-position":"center center","background-size":"auto","background-attachment":"scroll","background-type":"","background-media":"","overlay-type":"","overlay-color":"","overlay-opacity":"","overlay-gradient":""},"mobile":{"background-color":"var(--ast-global-color-5)","background-image":"","background-repeat":"repeat","background-position":"center center","background-size":"auto","background-attachment":"scroll","background-type":"","background-media":"","overlay-type":"","overlay-color":"","overlay-opacity":"","overlay-gradient":""}},"footnotes":""},"class_list":["post-24","page","type-page","status-publish","hentry"],"yoast_head":"<!-- This site is optimized with the Yoast SEO plugin v27.5 - https:\/\/yoast.com\/product\/yoast-seo-wordpress\/ -->\n<title>Aviso Legal - INTEDU.es<\/title>\n<meta name=\"robots\" content=\"index, follow, max-snippet:-1, max-image-preview:large, max-video-preview:-1\" \/>\n<link rel=\"canonical\" href=\"https:\/\/intedu.es\/?page_id=24\" \/>\n<meta property=\"og:locale\" content=\"es_ES\" \/>\n<meta property=\"og:type\" content=\"article\" \/>\n<meta property=\"og:title\" content=\"Aviso Legal - INTEDU.es\" \/>\n<meta property=\"og:description\" content=\"AVISO LEGAL Y CONDICIONES GENERALES DE USO www.intedu.es I. INFORMACI\u00d3N GENERAL En cumplimiento con el deber de informaci\u00f3n dispuesto en la Ley 34\/2002 de Servicios de la Sociedad de la Informaci\u00f3n y el Comercio Electr\u00f3nico (LSSI-CE) de 11 de julio, se facilitan a continuaci\u00f3n los siguientes datos de informaci\u00f3n general de este sitio web: Cesar [&hellip;]\" \/>\n<meta property=\"og:url\" content=\"https:\/\/intedu.es\/?page_id=24\" \/>\n<meta property=\"og:site_name\" content=\"INTEDU.es\" \/>\n<meta property=\"article:modified_time\" content=\"2025-11-12T15:21:29+00:00\" \/>\n<meta name=\"twitter:card\" content=\"summary_large_image\" \/>\n<meta name=\"twitter:label1\" content=\"Tiempo de lectura\" \/>\n\t<meta name=\"twitter:data1\" content=\"9 minutos\" \/>\n<script type=\"application\/ld+json\" class=\"yoast-schema-graph\">{\"@context\":\"https:\\\/\\\/schema.org\",\"@graph\":[{\"@type\":\"WebPage\",\"@id\":\"https:\\\/\\\/intedu.es\\\/?page_id=24\",\"url\":\"https:\\\/\\\/intedu.es\\\/?page_id=24\",\"name\":\"Aviso Legal - INTEDU.es\",\"isPartOf\":{\"@id\":\"https:\\\/\\\/intedu.es\\\/#website\"},\"datePublished\":\"2023-07-25T20:57:24+00:00\",\"dateModified\":\"2025-11-12T15:21:29+00:00\",\"breadcrumb\":{\"@id\":\"https:\\\/\\\/intedu.es\\\/?page_id=24#breadcrumb\"},\"inLanguage\":\"es\",\"potentialAction\":[{\"@type\":\"ReadAction\",\"target\":[\"https:\\\/\\\/intedu.es\\\/?page_id=24\"]}]},{\"@type\":\"BreadcrumbList\",\"@id\":\"https:\\\/\\\/intedu.es\\\/?page_id=24#breadcrumb\",\"itemListElement\":[{\"@type\":\"ListItem\",\"position\":1,\"name\":\"Home\",\"item\":\"https:\\\/\\\/intedu.es\\\/\"},{\"@type\":\"ListItem\",\"position\":2,\"name\":\"Aviso Legal\"}]},{\"@type\":\"WebSite\",\"@id\":\"https:\\\/\\\/intedu.es\\\/#website\",\"url\":\"https:\\\/\\\/intedu.es\\\/\",\"name\":\"INTEDU.es\",\"description\":\"Dise\u00f1amos el espacio para hacerlo tuyo\",\"potentialAction\":[{\"@type\":\"SearchAction\",\"target\":{\"@type\":\"EntryPoint\",\"urlTemplate\":\"https:\\\/\\\/intedu.es\\\/?s={search_term_string}\"},\"query-input\":{\"@type\":\"PropertyValueSpecification\",\"valueRequired\":true,\"valueName\":\"search_term_string\"}}],\"inLanguage\":\"es\"}]}<\/script>\n<!-- \/ Yoast SEO plugin. -->","yoast_head_json":{"title":"Aviso Legal - INTEDU.es","robots":{"index":"index","follow":"follow","max-snippet":"max-snippet:-1","max-image-preview":"max-image-preview:large","max-video-preview":"max-video-preview:-1"},"canonical":"https:\/\/intedu.es\/?page_id=24","og_locale":"es_ES","og_type":"article","og_title":"Aviso Legal - INTEDU.es","og_description":"AVISO LEGAL Y CONDICIONES GENERALES DE USO www.intedu.es I. INFORMACI\u00d3N GENERAL En cumplimiento con el deber de informaci\u00f3n dispuesto en la Ley 34\/2002 de Servicios de la Sociedad de la Informaci\u00f3n y el Comercio Electr\u00f3nico (LSSI-CE) de 11 de julio, se facilitan a continuaci\u00f3n los siguientes datos de informaci\u00f3n general de este sitio web: Cesar [&hellip;]","og_url":"https:\/\/intedu.es\/?page_id=24","og_site_name":"INTEDU.es","article_modified_time":"2025-11-12T15:21:29+00:00","twitter_card":"summary_large_image","twitter_misc":{"Tiempo de lectura":"9 minutos"},"schema":{"@context":"https:\/\/schema.org","@graph":[{"@type":"WebPage","@id":"https:\/\/intedu.es\/?page_id=24","url":"https:\/\/intedu.es\/?page_id=24","name":"Aviso Legal - INTEDU.es","isPartOf":{"@id":"https:\/\/intedu.es\/#website"},"datePublished":"2023-07-25T20:57:24+00:00","dateModified":"2025-11-12T15:21:29+00:00","breadcrumb":{"@id":"https:\/\/intedu.es\/?page_id=24#breadcrumb"},"inLanguage":"es","potentialAction":[{"@type":"ReadAction","target":["https:\/\/intedu.es\/?page_id=24"]}]},{"@type":"BreadcrumbList","@id":"https:\/\/intedu.es\/?page_id=24#breadcrumb","itemListElement":[{"@type":"ListItem","position":1,"name":"Home","item":"https:\/\/intedu.es\/"},{"@type":"ListItem","position":2,"name":"Aviso Legal"}]},{"@type":"WebSite","@id":"https:\/\/intedu.es\/#website","url":"https:\/\/intedu.es\/","name":"INTEDU.es","description":"Dise\u00f1amos el espacio para hacerlo tuyo","potentialAction":[{"@type":"SearchAction","target":{"@type":"EntryPoint","urlTemplate":"https:\/\/intedu.es\/?s={search_term_string}"},"query-input":{"@type":"PropertyValueSpecification","valueRequired":true,"valueName":"search_term_string"}}],"inLanguage":"es"}]}},"_hostinger_reach_plugin_has_subscription_block":false,"_hostinger_reach_plugin_is_elementor":false,"_links":{"self":[{"href":"https:\/\/intedu.es\/index.php?rest_route=\/wp\/v2\/pages\/24","targetHints":{"allow":["GET"]}}],"collection":[{"href":"https:\/\/intedu.es\/index.php?rest_route=\/wp\/v2\/pages"}],"about":[{"href":"https:\/\/intedu.es\/index.php?rest_route=\/wp\/v2\/types\/page"}],"author":[{"embeddable":true,"href":"https:\/\/intedu.es\/index.php?rest_route=\/wp\/v2\/users\/1"}],"replies":[{"embeddable":true,"href":"https:\/\/intedu.es\/index.php?rest_route=%2Fwp%2Fv2%2Fcomments&post=24"}],"version-history":[{"count":16,"href":"https:\/\/intedu.es\/index.php?rest_route=\/wp\/v2\/pages\/24\/revisions"}],"predecessor-version":[{"id":1059,"href":"https:\/\/intedu.es\/index.php?rest_route=\/wp\/v2\/pages\/24\/revisions\/1059"}],"wp:attachment":[{"href":"https:\/\/intedu.es\/index.php?rest_route=%2Fwp%2Fv2%2Fmedia&parent=24"}],"curies":[{"name":"wp","href":"https:\/\/api.w.org\/{rel}","templated":true}]}}